{"id":116,"date":"2021-10-15T15:24:18","date_gmt":"2021-10-15T13:24:18","guid":{"rendered":"https:\/\/www.adsclean.fr\/?page_id=116"},"modified":"2025-07-15T17:23:06","modified_gmt":"2025-07-15T15:23:06","slug":"116-2","status":"publish","type":"page","link":"https:\/\/www.adsclean.fr\/","title":{"rendered":""},"content":{"rendered":"<p>[et_pb_section fb_built=\u00a0\u00bb1&Prime; fullwidth=\u00a0\u00bbon\u00a0\u00bb admin_label=\u00a0\u00bbHeader Section\u00a0\u00bb _builder_version=\u00a0\u00bb4.16&Prime; background_color=\u00a0\u00bb#dadde2&Prime; hover_enabled=\u00a0\u00bb0&Prime; global_colors_info=\u00a0\u00bb{}\u00a0\u00bb sticky_enabled=\u00a0\u00bb0&Prime;][et_pb_fullwidth_header title=\u00a0\u00bbADS CLEAN\u00a0\u00bb text_orientation=\u00a0\u00bbcenter\u00a0\u00bb _builder_version=\u00a0\u00bb4.27.4&Prime; title_font=\u00a0\u00bbOswald|500||on|||||\u00a0\u00bb title_text_color=\u00a0\u00bb#ffffff\u00a0\u00bb title_font_size=\u00a0\u00bb10vw\u00a0\u00bb title_letter_spacing=\u00a0\u00bb15px\u00a0\u00bb title_line_height=\u00a0\u00bb1.4em\u00a0\u00bb content_font=\u00a0\u00bb||||||||\u00a0\u00bb subhead_font=\u00a0\u00bbOswald|||on|||||\u00a0\u00bb subhead_text_color=\u00a0\u00bbrgba(12,12,12,0.2)\u00a0\u00bb subhead_font_size=\u00a0\u00bb24px\u00a0\u00bb subhead_letter_spacing=\u00a0\u00bb15px\u00a0\u00bb subhead_line_height=\u00a0\u00bb1.4em\u00a0\u00bb background_color=\u00a0\u00bbrgba(255, 255, 255, 0)\u00a0\u00bb background_image=\u00a0\u00bbhttps:\/\/www.adsclean.fr\/wp-content\/uploads\/2024\/06\/composition-plat-produits-nettoyage-fond.jpg\u00a0\u00bb custom_padding=\u00a0\u00bb10%||30%|\u00a0\u00bb animation_style=\u00a0\u00bbzoom\u00a0\u00bb animation_direction=\u00a0\u00bbbottom\u00a0\u00bb animation_intensity_zoom=\u00a0\u00bb8%\u00a0\u00bb hover_enabled=\u00a0\u00bb0&Prime; title_text_shadow_style=\u00a0\u00bbpreset1&Prime; title_text_shadow_blur_strength=\u00a0\u00bb0.25em\u00a0\u00bb title_text_shadow_color=\u00a0\u00bbrgba(12,12,12,0.15)\u00a0\u00bb global_colors_info=\u00a0\u00bb{}\u00a0\u00bb button_one_text_size__hover_enabled=\u00a0\u00bboff\u00a0\u00bb button_two_text_size__hover_enabled=\u00a0\u00bboff\u00a0\u00bb button_one_text_color__hover_enabled=\u00a0\u00bboff\u00a0\u00bb button_two_text_color__hover_enabled=\u00a0\u00bboff\u00a0\u00bb button_one_border_width__hover_enabled=\u00a0\u00bboff\u00a0\u00bb button_two_border_width__hover_enabled=\u00a0\u00bboff\u00a0\u00bb button_one_border_color__hover_enabled=\u00a0\u00bboff\u00a0\u00bb button_two_border_color__hover_enabled=\u00a0\u00bboff\u00a0\u00bb button_one_border_radius__hover_enabled=\u00a0\u00bboff\u00a0\u00bb button_two_border_radius__hover_enabled=\u00a0\u00bboff\u00a0\u00bb button_one_letter_spacing__hover_enabled=\u00a0\u00bboff\u00a0\u00bb button_two_letter_spacing__hover_enabled=\u00a0\u00bboff\u00a0\u00bb button_one_bg_color__hover_enabled=\u00a0\u00bboff\u00a0\u00bb button_two_bg_color__hover_enabled=\u00a0\u00bboff\u00a0\u00bb subhead=\u00a0\u00bbExcellence &#038; propret\u00e9 au service de votre image\u00a0\u00bb sticky_enabled=\u00a0\u00bb0&Prime; title_text=\u00a0\u00bbcomposition-plat-produits-nettoyage-fond\u00a0\u00bb parallax=\u00a0\u00bbon\u00a0\u00bb]<\/p>\n<h2 style=\"text-align: center;\"><em><span style=\"color: #999999; font-size: xx-large;\"><span style=\"font-size: xx-large;\"><\/span><\/span><\/em><\/h2>\n<h2 style=\"text-align: center;\"><em><span style=\"color: #999999; font-size: xx-large;\"><span style=\"font-size: xx-large;\"><\/span><\/span><\/em><\/h2>\n<h2 style=\"text-align: center;\"><em><span style=\"color: #999999; font-size: xx-large;\"><span style=\"font-size: xx-large;\"><\/span><\/span><\/em><\/h2>\n<h2 style=\"text-align: center;\"><em><span style=\"color: #999999; font-size: xx-large;\"><span style=\"font-size: xx-large;\"><\/span><\/span><\/em><\/h2>\n<h2 style=\"text-align: center;\"><em><span style=\"color: #999999; font-size: xx-large;\"><span style=\"font-size: xx-large;\">ADS CLEAN est une entreprise sp\u00e9cialis\u00e9e dans le nettoyage professionnel \u00e0 Versailles (78). Nous intervenons aupr\u00e8s des entreprises, syndics, chantiers et particuliers.<br \/>Nos prestations incluent le nettoyage de bureaux, immeubles, vitres, fin de chantier, et plus encore.<br \/>Notre \u00e9quipe intervient \u00e0 Versailles et sur toute l&rsquo;\u00cele-de-France.<\/span><\/span><\/em><\/h2>\n<p>&nbsp;<\/p>\n<p><em><span style=\"color: #999999;\">Contactez-nous pour un devis gratuit !<\/span><\/em><\/p>\n<h2 style=\"text-align: center;\"><em><span style=\"color: #999999; font-size: xx-large;\"><span style=\"font-size: xx-large;\"><\/span><\/span><\/em><\/h2>\n<h2 style=\"text-align: center;\"><em><span style=\"color: #999999; font-size: xx-large;\"><span style=\"font-size: xx-large;\"><\/span><\/span><\/em><\/h2>\n<h2 style=\"text-align: center;\"><em><span style=\"color: #999999; font-size: xx-large;\"><span style=\"font-size: xx-large;\"><span style=\"color: #ff99cc;\"><strong>06 10 10 10 13<\/strong><\/span><\/span><\/span><\/em><\/h2>\n<h2 style=\"text-align: center;\"><em><span style=\"color: #999999; font-size: xx-large;\"><span style=\"font-size: xx-large;\"><br \/>ou<\/span><\/span><\/em><\/h2>\n<h2 style=\"text-align: center;\"><em><span style=\"color: #999999; font-size: xx-large;\"><span style=\"font-size: xx-large;\"><br \/><\/span><\/span><span style=\"color: #999999; font-size: xx-large;\"><span style=\"font-size: xx-large;\"><strong><span style=\"color: #ff99cc;\">adsclean.versailles@gmail.com<\/span><\/strong><\/span><\/span><span style=\"color: #999999; font-size: xx-large;\"><span style=\"font-size: xx-large;\"><\/span><\/span><\/em><\/h2>\n<p>&nbsp;<\/p>\n<p>&nbsp;<\/p>\n<p>&nbsp;<\/p>\n<p><span style=\"color: #eaa6bd; font-size: large;\"><strong><em><span style=\"font-size: x-large;\"><\/span><\/em><\/strong><\/span><\/p>\n<p><span style=\"color: #eaa6bd; font-size: large;\"><strong><em><span style=\"font-size: x-large;\"><\/span><\/em><\/strong><\/span><\/p>\n<p><span style=\"color: #eaa6bd; font-size: large;\"><strong><em><span style=\"font-size: x-large;\"><\/span><\/em><\/strong><\/span><\/p>\n<p><span style=\"color: #eaa6bd; font-size: large;\"><strong><em><span style=\"font-size: x-large;\"><\/span><\/em><\/strong><\/span><\/p>\n<p><span style=\"color: #eaa6bd; font-size: large;\"><strong><em><span style=\"font-size: x-large;\"><\/span><\/em><\/strong><\/span><\/p>\n<p><span style=\"color: #eaa6bd; font-size: large;\"><strong><em><span style=\"font-size: x-large;\"><\/span><\/em><\/strong><\/span><\/p>\n<p><span style=\"color: #eaa6bd; font-size: xx-large;\"><strong><em><span style=\"font-size: x-large;\"><\/span><\/em><\/strong><\/span><\/p>\n<p><span style=\"color: #eaa6bd; font-size: xx-large;\"><strong><em><span style=\"font-size: x-large;\"><\/span><\/em><\/strong><\/span><\/p>\n<p style=\"text-align: center;\"><span style=\"color: #eaa6bd; font-size: xx-large;\"><strong><em><\/em><\/strong><\/span><\/p>\n<p style=\"text-align: center;\"><span style=\"color: #eaa6bd; font-size: xx-large;\"><strong><em><\/em><\/strong><\/span><\/p>\n<p style=\"text-align: center;\"><span style=\"color: #eaa6bd; font-size: xx-large;\"><strong><em><\/em><\/strong><\/span><\/p>\n<p style=\"text-align: center;\"><span style=\"color: #eaa6bd; font-size: xx-large;\"><strong><em><\/em><\/strong><\/span><\/p>\n<p style=\"text-align: center;\"><span style=\"color: #eaa6bd; font-size: xx-large;\"><strong><em><\/em><\/strong><\/span><\/p>\n<p style=\"text-align: center;\"><span style=\"color: #ffff00; font-size: xx-large;\"><strong><em><\/em><\/strong><\/span><\/p>\n<h3 style=\"text-align: center;\"><\/h3>\n<p>[\/et_pb_fullwidth_header][\/et_pb_section][et_pb_section fb_built=\u00a0\u00bb1&Prime; admin_label=\u00a0\u00bbJuice Categories Section\u00a0\u00bb _builder_version=\u00a0\u00bb4.16&Prime; custom_padding=\u00a0\u00bb120px|0px|120px|0px\u00a0\u00bb global_colors_info=\u00a0\u00bb{}\u00a0\u00bb][et_pb_row column_structure=\u00a0\u00bb1_2,1_2&Prime; admin_label=\u00a0\u00bbJuice Types Row\u00a0\u00bb _builder_version=\u00a0\u00bb4.16&Prime; global_colors_info=\u00a0\u00bb{}\u00a0\u00bb][et_pb_column type=\u00a0\u00bb1_2&Prime; _builder_version=\u00a0\u00bb4.16&Prime; custom_padding=\u00a0\u00bb|||\u00a0\u00bb global_colors_info=\u00a0\u00bb{}\u00a0\u00bb custom_padding__hover=\u00a0\u00bb|||\u00a0\u00bb][et_pb_blurb title=\u00a0\u00bbSERVICES R\u00e9CURRENTS (AVEC contrat)\u00a0\u00bb image=\u00a0\u00bbhttps:\/\/www.adsclean.fr\/wp-content\/uploads\/2024\/06\/personne-inconnue-nettoyant-sol-du-bureau-vue-large-fond-flou-scaled.jpg\u00a0\u00bb admin_label=\u00a0\u00bbJuice Type\u00a0\u00bb _builder_version=\u00a0\u00bb4.25.1&Prime; header_font=\u00a0\u00bbOswald|||on|||||\u00a0\u00bb header_text_align=\u00a0\u00bbcenter\u00a0\u00bb header_font_size=\u00a0\u00bb20px\u00a0\u00bb header_letter_spacing=\u00a0\u00bb2px\u00a0\u00bb header_line_height=\u00a0\u00bb1.4em\u00a0\u00bb body_font=\u00a0\u00bbOpen Sans|600|||||||\u00a0\u00bb body_text_align=\u00a0\u00bbcenter\u00a0\u00bb body_font_size=\u00a0\u00bb16px\u00a0\u00bb body_line_height=\u00a0\u00bb1.8em\u00a0\u00bb global_colors_info=\u00a0\u00bb{}\u00a0\u00bb]<\/p>\n<p style=\"text-align: center;\">&#8211; Entretien de copropri\u00e9t\u00e9s \/ immeubles<br \/>&#8211; Entretien de bureaux<br \/>&#8211; Nettoyage de vitres<br \/>&#8211; Sortie de poubelles<\/p>\n<p>[\/et_pb_blurb][\/et_pb_column][et_pb_column type=\u00a0\u00bb1_2&Prime; _builder_version=\u00a0\u00bb4.16&Prime; custom_padding=\u00a0\u00bb|||\u00a0\u00bb global_colors_info=\u00a0\u00bb{}\u00a0\u00bb custom_padding__hover=\u00a0\u00bb|||\u00a0\u00bb][et_pb_blurb title=\u00a0\u00bbTRAVAUX OCCASIONNELS (\u00e0 la demande)\u00a0\u00bb image=\u00a0\u00bbhttps:\/\/www.adsclean.fr\/wp-content\/uploads\/2024\/06\/close-up-steam-cleaner-cleaning-very-dirty-carpet-scaled.jpg\u00a0\u00bb admin_label=\u00a0\u00bbJuice Type\u00a0\u00bb _builder_version=\u00a0\u00bb4.25.1&Prime; header_font=\u00a0\u00bbOswald|||on|||||\u00a0\u00bb header_text_align=\u00a0\u00bbcenter\u00a0\u00bb header_font_size=\u00a0\u00bb20px\u00a0\u00bb header_letter_spacing=\u00a0\u00bb2px\u00a0\u00bb header_line_height=\u00a0\u00bb1.4em\u00a0\u00bb body_font=\u00a0\u00bbOpen Sans|600|||||||\u00a0\u00bb body_text_align=\u00a0\u00bbcenter\u00a0\u00bb body_font_size=\u00a0\u00bb16px\u00a0\u00bb body_line_height=\u00a0\u00bb1.8em\u00a0\u00bb global_colors_info=\u00a0\u00bb{}\u00a0\u00bb]<\/p>\n<p style=\"text-align: center;\">&#8211; Shampouinage moquette ou de tissus (canap\u00e9s, fauteuils&#8230;)<br \/>&#8211; Remise en \u00e9tat (apr\u00e8s travaux ou d\u00e9m\u00e9nagements)<br \/>&#8211; D\u00e9sinfection Covid-19<br \/>&#8211; D\u00e9capages<\/p>\n<p>[\/et_pb_blurb][\/et_pb_column][\/et_pb_row][\/et_pb_section][et_pb_section fb_built=\u00a0\u00bb1&Prime; _builder_version=\u00a0\u00bb4.25.1&Prime; background_image=\u00a0\u00bbhttps:\/\/www.adsclean.fr\/wp-content\/uploads\/2024\/06\/travailleur-polissant-sol-dur-machine-polissage-grande-vitesse-scaled.jpg\u00a0\u00bb parallax=\u00a0\u00bbon\u00a0\u00bb custom_padding=\u00a0\u00bb20%|0px|20%|0px\u00a0\u00bb global_colors_info=\u00a0\u00bb{}\u00a0\u00bb][\/et_pb_section][et_pb_section fb_built=\u00a0\u00bb1&Prime; _builder_version=\u00a0\u00bb4.16&Prime; custom_padding=\u00a0\u00bb120px|0px|120px|0px\u00a0\u00bb global_colors_info=\u00a0\u00bb{}\u00a0\u00bb][et_pb_row column_structure=\u00a0\u00bb1_3,1_3,1_3&Prime; use_custom_gutter=\u00a0\u00bbon\u00a0\u00bb gutter_width=\u00a0\u00bb2&Prime; _builder_version=\u00a0\u00bb4.16&Prime; global_colors_info=\u00a0\u00bb{}\u00a0\u00bb][et_pb_column type=\u00a0\u00bb1_3&Prime; _builder_version=\u00a0\u00bb4.16&Prime; custom_padding=\u00a0\u00bb|||\u00a0\u00bb global_colors_info=\u00a0\u00bb{}\u00a0\u00bb custom_padding__hover=\u00a0\u00bb|||\u00a0\u00bb][et_pb_blurb title=\u00a0\u00bbSERVICE PREMIUM\u00a0\u00bb image=\u00a0\u00bbhttps:\/\/www.adsclean.fr\/wp-content\/uploads\/2024\/06\/111.jpg\u00a0\u00bb admin_label=\u00a0\u00bbJuice Type\u00a0\u00bb _builder_version=\u00a0\u00bb4.25.1&Prime; header_font=\u00a0\u00bbOswald|||on|||||\u00a0\u00bb header_text_align=\u00a0\u00bbcenter\u00a0\u00bb header_font_size=\u00a0\u00bb20px\u00a0\u00bb header_letter_spacing=\u00a0\u00bb2px\u00a0\u00bb header_line_height=\u00a0\u00bb1.4em\u00a0\u00bb body_font=\u00a0\u00bbOpen Sans|600|||||||\u00a0\u00bb body_text_align=\u00a0\u00bbcenter\u00a0\u00bb body_font_size=\u00a0\u00bb16px\u00a0\u00bb body_line_height=\u00a0\u00bb1.8em\u00a0\u00bb background_color=\u00a0\u00bb#eaa6bd\u00a0\u00bb background_layout=\u00a0\u00bbdark\u00a0\u00bb min_height=\u00a0\u00bb315.8px\u00a0\u00bb custom_margin=\u00a0\u00bb||37px|||\u00a0\u00bb custom_padding=\u00a0\u00bb60px|40px|60px|40px\u00a0\u00bb animation_style=\u00a0\u00bbzoom\u00a0\u00bb animation_intensity_zoom=\u00a0\u00bb10%\u00a0\u00bb animation=\u00a0\u00bboff\u00a0\u00bb border_radii=\u00a0\u00bbon|6px|6px|6px|6px\u00a0\u00bb box_shadow_style=\u00a0\u00bbpreset1&Prime; box_shadow_vertical=\u00a0\u00bb20px\u00a0\u00bb box_shadow_blur=\u00a0\u00bb50px\u00a0\u00bb box_shadow_color=\u00a0\u00bbrgba(0,0,0,0.1)\u00a0\u00bb locked=\u00a0\u00bboff\u00a0\u00bb global_colors_info=\u00a0\u00bb{}\u00a0\u00bb]<\/p>\n<p>Travail Minitieux &amp; S\u00e9rieux<\/p>\n<p>[\/et_pb_blurb][\/et_pb_column][et_pb_column type=\u00a0\u00bb1_3&Prime; _builder_version=\u00a0\u00bb4.16&Prime; custom_padding=\u00a0\u00bb|||\u00a0\u00bb global_colors_info=\u00a0\u00bb{}\u00a0\u00bb custom_padding__hover=\u00a0\u00bb|||\u00a0\u00bb][et_pb_blurb title=\u00a0\u00bbR\u00e9activit\u00e9 \/ FL\u00e9XIBILIT\u00e9\u00a0\u00bb image=\u00a0\u00bbhttps:\/\/www.adsclean.fr\/wp-content\/uploads\/2024\/06\/333.jpg\u00a0\u00bb admin_label=\u00a0\u00bbJuice Type\u00a0\u00bb _builder_version=\u00a0\u00bb4.25.1&Prime; header_font=\u00a0\u00bbOswald|||on|||||\u00a0\u00bb header_text_align=\u00a0\u00bbcenter\u00a0\u00bb header_font_size=\u00a0\u00bb20px\u00a0\u00bb header_letter_spacing=\u00a0\u00bb2px\u00a0\u00bb header_line_height=\u00a0\u00bb1.4em\u00a0\u00bb body_font=\u00a0\u00bbOpen Sans|600|||||||\u00a0\u00bb body_text_align=\u00a0\u00bbcenter\u00a0\u00bb body_font_size=\u00a0\u00bb16px\u00a0\u00bb body_line_height=\u00a0\u00bb1.8em\u00a0\u00bb background_color=\u00a0\u00bb#eaa6bd\u00a0\u00bb background_layout=\u00a0\u00bbdark\u00a0\u00bb min_height=\u00a0\u00bb283.8px\u00a0\u00bb custom_padding=\u00a0\u00bb60px|40px|32px|40px||\u00a0\u00bb animation_style=\u00a0\u00bbzoom\u00a0\u00bb animation_delay=\u00a0\u00bb100ms\u00a0\u00bb animation_intensity_zoom=\u00a0\u00bb10%\u00a0\u00bb animation=\u00a0\u00bboff\u00a0\u00bb border_radii=\u00a0\u00bbon|6px|6px|6px|6px\u00a0\u00bb box_shadow_style=\u00a0\u00bbpreset1&Prime; box_shadow_vertical=\u00a0\u00bb20px\u00a0\u00bb box_shadow_blur=\u00a0\u00bb50px\u00a0\u00bb box_shadow_color=\u00a0\u00bbrgba(0,0,0,0.1)\u00a0\u00bb locked=\u00a0\u00bboff\u00a0\u00bb global_colors_info=\u00a0\u00bb{}\u00a0\u00bb]<\/p>\n<p>Nous traitons vos soucis<br \/>Joignable &amp; Disponible 24\/7<\/p>\n<p>[\/et_pb_blurb][\/et_pb_column][et_pb_column type=\u00a0\u00bb1_3&Prime; _builder_version=\u00a0\u00bb4.16&Prime; custom_padding=\u00a0\u00bb|||\u00a0\u00bb global_colors_info=\u00a0\u00bb{}\u00a0\u00bb custom_padding__hover=\u00a0\u00bb|||\u00a0\u00bb][et_pb_blurb title=\u00a0\u00bbPROXIMIT\u00e9\u00a0\u00bb image=\u00a0\u00bbhttps:\/\/www.adsclean.fr\/wp-content\/uploads\/2024\/06\/222.jpg\u00a0\u00bb admin_label=\u00a0\u00bbJuice Type\u00a0\u00bb _builder_version=\u00a0\u00bb4.25.1&Prime; header_font=\u00a0\u00bbOswald|||on|||||\u00a0\u00bb header_text_align=\u00a0\u00bbcenter\u00a0\u00bb header_font_size=\u00a0\u00bb20px\u00a0\u00bb header_letter_spacing=\u00a0\u00bb2px\u00a0\u00bb header_line_height=\u00a0\u00bb1.4em\u00a0\u00bb body_font=\u00a0\u00bbOpen Sans|600|||||||\u00a0\u00bb body_text_align=\u00a0\u00bbcenter\u00a0\u00bb body_font_size=\u00a0\u00bb16px\u00a0\u00bb body_line_height=\u00a0\u00bb1.8em\u00a0\u00bb background_color=\u00a0\u00bb#eaa6bd\u00a0\u00bb background_layout=\u00a0\u00bbdark\u00a0\u00bb min_height=\u00a0\u00bb443px\u00a0\u00bb custom_margin=\u00a0\u00bb||-13px|||\u00a0\u00bb custom_padding=\u00a0\u00bb60px|40px|31px|40px||\u00a0\u00bb animation_style=\u00a0\u00bbzoom\u00a0\u00bb animation_delay=\u00a0\u00bb200ms\u00a0\u00bb animation_intensity_zoom=\u00a0\u00bb10%\u00a0\u00bb animation=\u00a0\u00bboff\u00a0\u00bb border_radii=\u00a0\u00bbon|6px|6px|6px|6px\u00a0\u00bb box_shadow_style=\u00a0\u00bbpreset1&Prime; box_shadow_vertical=\u00a0\u00bb20px\u00a0\u00bb box_shadow_blur=\u00a0\u00bb50px\u00a0\u00bb box_shadow_color=\u00a0\u00bbrgba(0,0,0,0.1)\u00a0\u00bb locked=\u00a0\u00bboff\u00a0\u00bb global_colors_info=\u00a0\u00bb{}\u00a0\u00bb]<\/p>\n<p>La qualit\u00e9, pas la quantit\u00e9.<br \/>(PROCHE DE NOS CLIENTS)<\/p>\n<p>[\/et_pb_blurb][\/et_pb_column][\/et_pb_row][\/et_pb_section][et_pb_section fb_built=\u00a0\u00bb1&Prime; admin_label=\u00a0\u00bbJuice Info Section\u00a0\u00bb _builder_version=\u00a0\u00bb4.16&Prime; custom_padding=\u00a0\u00bb0px||0px|\u00a0\u00bb global_colors_info=\u00a0\u00bb{}\u00a0\u00bb][et_pb_row _builder_version=\u00a0\u00bb4.27.4&Prime; _module_preset=\u00a0\u00bbdefault\u00a0\u00bb][et_pb_column _builder_version=\u00a0\u00bb4.27.4&Prime; _module_preset=\u00a0\u00bbdefault\u00a0\u00bb type=\u00a0\u00bb4_4&Prime;][\/et_pb_column][\/et_pb_row][\/et_pb_section][et_pb_section fb_built=\u00a0\u00bb1&Prime; admin_label=\u00a0\u00bbReview Section\u00a0\u00bb _builder_version=\u00a0\u00bb4.16&Prime; background_color=\u00a0\u00bb#f7f7f7&Prime; custom_padding=\u00a0\u00bb20px|0px|0px|0px\u00a0\u00bb global_colors_info=\u00a0\u00bb{}\u00a0\u00bb][\/et_pb_section]<\/p>\n","protected":false},"excerpt":{"rendered":"<p>ADS CLEAN est une entreprise sp\u00e9cialis\u00e9e dans le nettoyage professionnel \u00e0 Versailles (78). Nous intervenons aupr\u00e8s des entreprises, syndics, chantiers et particuliers.Nos prestations incluent le nettoyage de bureaux, immeubles, vitres, fin de chantier, et plus encore.Notre \u00e9quipe intervient \u00e0 Versailles et sur toute l&rsquo;\u00cele-de-France. &nbsp; Contactez-nous pour un devis gratuit ! 06 10 10 10 [&hellip;]<\/p>\n","protected":false},"author":2,"featured_media":0,"parent":0,"menu_order":0,"comment_status":"closed","ping_status":"closed","template":"page-template-blank.php","meta":{"_et_pb_use_builder":"on","_et_pb_old_content":"","_et_gb_content_width":"","footnotes":""},"class_list":["post-116","page","type-page","status-publish","hentry"],"_links":{"self":[{"href":"https:\/\/www.adsclean.fr\/index.php?rest_route=\/wp\/v2\/pages\/116","targetHints":{"allow":["GET"]}}],"collection":[{"href":"https:\/\/www.adsclean.fr\/index.php?rest_route=\/wp\/v2\/pages"}],"about":[{"href":"https:\/\/www.adsclean.fr\/index.php?rest_route=\/wp\/v2\/types\/page"}],"author":[{"embeddable":true,"href":"https:\/\/www.adsclean.fr\/index.php?rest_route=\/wp\/v2\/users\/2"}],"replies":[{"embeddable":true,"href":"https:\/\/www.adsclean.fr\/index.php?rest_route=%2Fwp%2Fv2%2Fcomments&post=116"}],"version-history":[{"count":3,"href":"https:\/\/www.adsclean.fr\/index.php?rest_route=\/wp\/v2\/pages\/116\/revisions"}],"predecessor-version":[{"id":228,"href":"https:\/\/www.adsclean.fr\/index.php?rest_route=\/wp\/v2\/pages\/116\/revisions\/228"}],"wp:attachment":[{"href":"https:\/\/www.adsclean.fr\/index.php?rest_route=%2Fwp%2Fv2%2Fmedia&parent=116"}],"curies":[{"name":"wp","href":"https:\/\/api.w.org\/{rel}","templated":true}]}}